{"id":55,"date":"2023-01-30T19:24:43","date_gmt":"2023-01-30T19:24:43","guid":{"rendered":"http:\/\/bogazkoysigorta.com\/?page_id=55"},"modified":"2023-02-06T09:25:44","modified_gmt":"2023-02-06T09:25:44","slug":"anasayfa","status":"publish","type":"page","link":"http:\/\/bogazkoysigorta.com\/","title":{"rendered":"Anasayfa"},"content":{"rendered":"\t\t<div data-elementor-type=\"wp-page\" data-elementor-id=\"55\" class=\"elementor elementor-55\">\n\t\t\t\t\t\t\t\t\t<section class=\"elementor-section elementor-top-section elementor-element elementor-element-48f9429 elementor-section-content-middle elementor-section-boxed elementor-section-height-default elementor-section-height-default\" data-id=\"48f9429\" data-element_type=\"section\">\n\t\t\t\t\t\t\t<div class=\"elementor-background-overlay\"><\/div>\n\t\t\t\t\t\t\t<div class=\"elementor-container elementor-column-gap-default\">\n\t\t\t\t\t<div class=\"elementor-column elementor-col-50 elementor-top-column elementor-element elementor-element-ef429d1\" data-id=\"ef429d1\" data-element_type=\"column\">\n\t\t\t<div class=\"elementor-widget-wrap elementor-element-populated\">\n\t\t\t\t\t\t\t\t<section class=\"elementor-section elementor-inner-section elementor-element elementor-element-9f27418 elementor-section-boxed elementor-section-height-default elementor-section-height-default\" data-id=\"9f27418\" data-element_type=\"section\">\n\t\t\t\t\t\t<div class=\"elementor-container elementor-column-gap-default\">\n\t\t\t\t\t<div class=\"elementor-column elementor-col-100 elementor-inner-column elementor-element elementor-element-1298350\" data-id=\"1298350\" data-element_type=\"column\">\n\t\t\t<div class=\"elementor-widget-wrap\">\n\t\t\t\t\t\t\t\t\t<\/div>\n\t\t<\/div>\n\t\t\t\t\t\t\t<\/div>\n\t\t<\/section>\n\t\t\t\t<div class=\"elementor-element elementor-element-aa6774d elementor-widget elementor-widget-image\" data-id=\"aa6774d\" data-element_type=\"widget\" data-widget_type=\"image.default\">\n\t\t\t\t<div class=\"elementor-widget-container\">\n\t\t\t<style>\/*! elementor - v3.10.2 - 29-01-2023 *\/\n.elementor-widget-image{text-align:center}.elementor-widget-image a{display:inline-block}.elementor-widget-image a img[src$=\".svg\"]{width:48px}.elementor-widget-image img{vertical-align:middle;display:inline-block}<\/style>\t\t\t\t\t\t\t\t\t\t\t\t<img decoding=\"async\" width=\"750\" height=\"475\" src=\"http:\/\/bogazkoysigorta.com\/wp-content\/uploads\/2023\/01\/guvenli-hayat.jpg\" class=\"attachment-large size-large wp-image-58\" alt=\"\" loading=\"lazy\" srcset=\"http:\/\/bogazkoysigorta.com\/wp-content\/uploads\/2023\/01\/guvenli-hayat.jpg 750w, http:\/\/bogazkoysigorta.com\/wp-content\/uploads\/2023\/01\/guvenli-hayat-300x190.jpg 300w\" sizes=\"(max-width: 750px) 100vw, 750px\" \/>\t\t\t\t\t\t\t\t\t\t\t\t\t\t\t<\/div>\n\t\t\t\t<\/div>\n\t\t\t\t\t<\/div>\n\t\t<\/div>\n\t\t\t\t<div class=\"elementor-column elementor-col-50 elementor-top-column elementor-element elementor-element-4c82bc2\" data-id=\"4c82bc2\" data-element_type=\"column\">\n\t\t\t<div class=\"elementor-widget-wrap elementor-element-populated\">\n\t\t\t\t\t\t\t\t<div class=\"elementor-element elementor-element-07475aa elementor-widget elementor-widget-heading\" data-id=\"07475aa\" data-element_type=\"widget\" data-widget_type=\"heading.default\">\n\t\t\t\t<div class=\"elementor-widget-container\">\n\t\t\t<style>\/*! elementor - v3.10.2 - 29-01-2023 *\/\n.elementor-heading-title{padding:0;margin:0;line-height:1}.elementor-widget-heading .elementor-heading-title[class*=elementor-size-]>a{color:inherit;font-size:inherit;line-height:inherit}.elementor-widget-heading .elementor-heading-title.elementor-size-small{font-size:15px}.elementor-widget-heading .elementor-heading-title.elementor-size-medium{font-size:19px}.elementor-widget-heading .elementor-heading-title.elementor-size-large{font-size:29px}.elementor-widget-heading .elementor-heading-title.elementor-size-xl{font-size:39px}.elementor-widget-heading .elementor-heading-title.elementor-size-xxl{font-size:59px}<\/style><h2 class=\"elementor-heading-title elementor-size-default\">Bo\u011fazk\u00f6y Sigorta Arac\u0131l\u0131k Hizmetleri Ltd.\u015eti.<\/h2>\t\t<\/div>\n\t\t\t\t<\/div>\n\t\t\t\t<div class=\"elementor-element elementor-element-f620ce2 elementor-widget elementor-widget-heading\" data-id=\"f620ce2\" data-element_type=\"widget\" data-widget_type=\"heading.default\">\n\t\t\t\t<div class=\"elementor-widget-container\">\n\t\t\t<h2 class=\"elementor-heading-title elementor-size-default\">De\u011ferleriniz bizimle g\u00fcvende...<\/h2>\t\t<\/div>\n\t\t\t\t<\/div>\n\t\t\t\t<div class=\"elementor-element elementor-element-f6660f5 elementor-widget elementor-widget-heading\" data-id=\"f6660f5\" data-element_type=\"widget\" data-widget_type=\"heading.default\">\n\t\t\t\t<div class=\"elementor-widget-container\">\n\t\t\t<h2 class=\"elementor-heading-title elementor-size-default\">\u015eirketimiz 2009 y\u0131l\u0131nda Serpil Yeti\u015fkol Taraf\u0131ndan Limited \u015eirket firmas\u0131 olarak kurulmu\u015f olup, Allianz Sigorta ile Sigorta Sekt\u00f6r\u00fcne ilk giri\u015fini yapm\u0131\u015ft\u0131r. Sekt\u00f6r\u00fcn yo\u011fun rekabet ortam\u0131, b\u00fcy\u00fcme \u00e7abas\u0131, hayata dair g\u00fczel beklentiler ve bir \u00e7ok nedenin birle\u015fmesi  ile sekt\u00f6r lideri sigorta \u015firketlerini b\u00fcnyemize dahil etmeyi  gerekli k\u0131lm\u0131\u015ft\u0131r. Lider \u015eirketlerin g\u00fcc\u00fcn\u00fc arkas\u0131na alarak b\u00fcy\u00fcme hedeflerini tamamlama yolunda h\u0131z\u0131n\u0131 art\u0131rm\u0131\u015ft\u0131r.  E\u011fitimli, g\u00fcler y\u00fczl\u00fc, konusunda uzman, vizyonu a\u00e7\u0131k, gen\u00e7 ve dinamik g\u00fczel bir kadro olu\u015fturarak \u015firket k\u00fclt\u00fcr\u00fcne yak\u0131\u015f\u0131r bir hale gelinmi\u015ftir.  \u015eirket olarak b\u00fcnyemize her kat\u0131lan sigortal\u0131m\u0131z\u0131 aile ferdimiz olarak benimseyip s\u00fcreklilik esas\u0131 baz al\u0131narak  haklar\u0131n\u0131 koruyup , en do\u011fru \u00fcr\u00fcn\u00fc en uygun primle olu\u015fturmay\u0131 ilke edinip  i\u015finin ehli bir ekiple hizmet vermekten onur duyuyoruz.<\/h2>\t\t<\/div>\n\t\t\t\t<\/div>\n\t\t\t\t\t<\/div>\n\t\t<\/div>\n\t\t\t\t\t\t\t<\/div>\n\t\t<\/section>\n\t\t\t\t<section class=\"elementor-section elementor-top-section elementor-element elementor-element-133a206 elementor-section-boxed elementor-section-height-default elementor-section-height-default\" data-id=\"133a206\" data-element_type=\"section\">\n\t\t\t\t\t\t<div class=\"elementor-container elementor-column-gap-default\">\n\t\t\t\t\t<div class=\"elementor-column elementor-col-100 elementor-top-column elementor-element elementor-element-c81af45\" data-id=\"c81af45\" data-element_type=\"column\">\n\t\t\t<div class=\"elementor-widget-wrap elementor-element-populated\">\n\t\t\t\t\t\t\t\t<div class=\"elementor-element elementor-element-d4f7d42 elementor-widget elementor-widget-heading\" data-id=\"d4f7d42\" data-element_type=\"widget\" data-widget_type=\"heading.default\">\n\t\t\t\t<div class=\"elementor-widget-container\">\n\t\t\t<h2 class=\"elementor-heading-title elementor-size-default\">\u00c7al\u0131\u015ft\u0131\u011f\u0131m\u0131z Sigorta \u015eirketleri<\/h2>\t\t<\/div>\n\t\t\t\t<\/div>\n\t\t\t\t\t<\/div>\n\t\t<\/div>\n\t\t\t\t\t\t\t<\/div>\n\t\t<\/section>\n\t\t\t\t<section class=\"elementor-section elementor-top-section elementor-element elementor-element-065fcbd elementor-section-boxed elementor-section-height-default elementor-section-height-default\" data-id=\"065fcbd\" data-element_type=\"section\">\n\t\t\t\t\t\t<div class=\"elementor-container elementor-column-gap-default\">\n\t\t\t\t\t<div class=\"elementor-column elementor-col-20 elementor-top-column elementor-element elementor-element-a75847e\" data-id=\"a75847e\" data-element_type=\"column\">\n\t\t\t<div class=\"elementor-widget-wrap elementor-element-populated\">\n\t\t\t\t\t\t\t\t<div class=\"elementor-element elementor-element-4d9b43f elementor-widget elementor-widget-image\" data-id=\"4d9b43f\" data-element_type=\"widget\" data-widget_type=\"image.default\">\n\t\t\t\t<div class=\"elementor-widget-container\">\n\t\t\t\t\t\t\t\t\t\t\t\t\t\t\t<img decoding=\"async\" width=\"150\" height=\"80\" src=\"http:\/\/bogazkoysigorta.com\/wp-content\/uploads\/2023\/02\/allianz.png\" class=\"attachment-full size-full wp-image-216\" alt=\"\" loading=\"lazy\" \/>\t\t\t\t\t\t\t\t\t\t\t\t\t\t\t<\/div>\n\t\t\t\t<\/div>\n\t\t\t\t\t<\/div>\n\t\t<\/div>\n\t\t\t\t<div class=\"elementor-column elementor-col-20 elementor-top-column elementor-element elementor-element-a73df9c\" data-id=\"a73df9c\" data-element_type=\"column\">\n\t\t\t<div class=\"elementor-widget-wrap elementor-element-populated\">\n\t\t\t\t\t\t\t\t<div class=\"elementor-element elementor-element-da167d1 elementor-widget elementor-widget-image\" data-id=\"da167d1\" data-element_type=\"widget\" data-widget_type=\"image.default\">\n\t\t\t\t<div class=\"elementor-widget-container\">\n\t\t\t\t\t\t\t\t\t\t\t\t\t\t\t<img decoding=\"async\" width=\"150\" height=\"80\" src=\"http:\/\/bogazkoysigorta.com\/wp-content\/uploads\/2023\/02\/ak.png\" class=\"attachment-full size-full wp-image-218\" alt=\"\" loading=\"lazy\" \/>\t\t\t\t\t\t\t\t\t\t\t\t\t\t\t<\/div>\n\t\t\t\t<\/div>\n\t\t\t\t\t<\/div>\n\t\t<\/div>\n\t\t\t\t<div class=\"elementor-column elementor-col-20 elementor-top-column elementor-element elementor-element-5a5bd11\" data-id=\"5a5bd11\" data-element_type=\"column\">\n\t\t\t<div class=\"elementor-widget-wrap elementor-element-populated\">\n\t\t\t\t\t\t\t\t<div class=\"elementor-element elementor-element-e5d4a84 elementor-widget elementor-widget-image\" data-id=\"e5d4a84\" data-element_type=\"widget\" data-widget_type=\"image.default\">\n\t\t\t\t<div class=\"elementor-widget-container\">\n\t\t\t\t\t\t\t\t\t\t\t\t\t\t\t<img decoding=\"async\" width=\"80\" height=\"80\" src=\"http:\/\/bogazkoysigorta.com\/wp-content\/uploads\/2023\/02\/axa2.png\" class=\"attachment-full size-full wp-image-217\" alt=\"\" loading=\"lazy\" \/>\t\t\t\t\t\t\t\t\t\t\t\t\t\t\t<\/div>\n\t\t\t\t<\/div>\n\t\t\t\t\t<\/div>\n\t\t<\/div>\n\t\t\t\t<div class=\"elementor-column elementor-col-20 elementor-top-column elementor-element elementor-element-8268bb0\" data-id=\"8268bb0\" data-element_type=\"column\">\n\t\t\t<div class=\"elementor-widget-wrap elementor-element-populated\">\n\t\t\t\t\t\t\t\t<div class=\"elementor-element elementor-element-a08497d elementor-widget elementor-widget-image\" data-id=\"a08497d\" data-element_type=\"widget\" data-widget_type=\"image.default\">\n\t\t\t\t<div class=\"elementor-widget-container\">\n\t\t\t\t\t\t\t\t\t\t\t\t\t\t\t<img decoding=\"async\" width=\"150\" height=\"80\" src=\"http:\/\/bogazkoysigorta.com\/wp-content\/uploads\/2023\/02\/anadolu.png\" class=\"attachment-full size-full wp-image-219\" alt=\"\" loading=\"lazy\" \/>\t\t\t\t\t\t\t\t\t\t\t\t\t\t\t<\/div>\n\t\t\t\t<\/div>\n\t\t\t\t\t<\/div>\n\t\t<\/div>\n\t\t\t\t<div class=\"elementor-column elementor-col-20 elementor-top-column elementor-element elementor-element-416b001\" data-id=\"416b001\" data-element_type=\"column\">\n\t\t\t<div class=\"elementor-widget-wrap elementor-element-populated\">\n\t\t\t\t\t\t\t\t<div class=\"elementor-element elementor-element-13d2780 elementor-widget elementor-widget-image\" data-id=\"13d2780\" data-element_type=\"widget\" data-widget_type=\"image.default\">\n\t\t\t\t<div class=\"elementor-widget-container\">\n\t\t\t\t\t\t\t\t\t\t\t\t\t\t\t<img decoding=\"async\" width=\"150\" height=\"80\" src=\"http:\/\/bogazkoysigorta.com\/wp-content\/uploads\/2023\/02\/ray.png\" class=\"attachment-full size-full wp-image-220\" alt=\"\" loading=\"lazy\" \/>\t\t\t\t\t\t\t\t\t\t\t\t\t\t\t<\/div>\n\t\t\t\t<\/div>\n\t\t\t\t\t<\/div>\n\t\t<\/div>\n\t\t\t\t\t\t\t<\/div>\n\t\t<\/section>\n\t\t\t\t<section class=\"elementor-section elementor-top-section elementor-element elementor-element-67925b6 elementor-section-boxed elementor-section-height-default elementor-section-height-default\" data-id=\"67925b6\" data-element_type=\"section\">\n\t\t\t\t\t\t<div class=\"elementor-container elementor-column-gap-default\">\n\t\t\t\t\t<div class=\"elementor-column elementor-col-20 elementor-top-column elementor-element elementor-element-20cfc0a\" data-id=\"20cfc0a\" data-element_type=\"column\">\n\t\t\t<div class=\"elementor-widget-wrap elementor-element-populated\">\n\t\t\t\t\t\t\t\t<div class=\"elementor-element elementor-element-4e3db49 elementor-widget elementor-widget-image\" data-id=\"4e3db49\" data-element_type=\"widget\" data-widget_type=\"image.default\">\n\t\t\t\t<div class=\"elementor-widget-container\">\n\t\t\t\t\t\t\t\t\t\t\t\t\t\t\t<img decoding=\"async\" width=\"150\" height=\"80\" src=\"http:\/\/bogazkoysigorta.com\/wp-content\/uploads\/2023\/02\/bereket.png\" class=\"attachment-full size-full wp-image-221\" alt=\"\" loading=\"lazy\" \/>\t\t\t\t\t\t\t\t\t\t\t\t\t\t\t<\/div>\n\t\t\t\t<\/div>\n\t\t\t\t\t<\/div>\n\t\t<\/div>\n\t\t\t\t<div class=\"elementor-column elementor-col-20 elementor-top-column elementor-element elementor-element-3e11eec\" data-id=\"3e11eec\" data-element_type=\"column\">\n\t\t\t<div class=\"elementor-widget-wrap elementor-element-populated\">\n\t\t\t\t\t\t\t\t<div class=\"elementor-element elementor-element-1faef31 elementor-widget elementor-widget-image\" data-id=\"1faef31\" data-element_type=\"widget\" data-widget_type=\"image.default\">\n\t\t\t\t<div class=\"elementor-widget-container\">\n\t\t\t\t\t\t\t\t\t\t\t\t\t\t\t<img decoding=\"async\" width=\"150\" height=\"80\" src=\"http:\/\/bogazkoysigorta.com\/wp-content\/uploads\/2023\/02\/sompo.png\" class=\"attachment-full size-full wp-image-227\" alt=\"\" loading=\"lazy\" \/>\t\t\t\t\t\t\t\t\t\t\t\t\t\t\t<\/div>\n\t\t\t\t<\/div>\n\t\t\t\t\t<\/div>\n\t\t<\/div>\n\t\t\t\t<div class=\"elementor-column elementor-col-20 elementor-top-column elementor-element elementor-element-bab1402\" data-id=\"bab1402\" data-element_type=\"column\">\n\t\t\t<div class=\"elementor-widget-wrap elementor-element-populated\">\n\t\t\t\t\t\t\t\t<div class=\"elementor-element elementor-element-a28bdd5 elementor-widget elementor-widget-image\" data-id=\"a28bdd5\" data-element_type=\"widget\" data-widget_type=\"image.default\">\n\t\t\t\t<div class=\"elementor-widget-container\">\n\t\t\t\t\t\t\t\t\t\t\t\t\t\t\t<img decoding=\"async\" width=\"150\" height=\"80\" src=\"http:\/\/bogazkoysigorta.com\/wp-content\/uploads\/2023\/02\/nippon.png\" class=\"attachment-full size-full wp-image-226\" alt=\"\" loading=\"lazy\" \/>\t\t\t\t\t\t\t\t\t\t\t\t\t\t\t<\/div>\n\t\t\t\t<\/div>\n\t\t\t\t\t<\/div>\n\t\t<\/div>\n\t\t\t\t<div class=\"elementor-column elementor-col-20 elementor-top-column elementor-element elementor-element-bbbcd55\" data-id=\"bbbcd55\" data-element_type=\"column\">\n\t\t\t<div class=\"elementor-widget-wrap elementor-element-populated\">\n\t\t\t\t\t\t\t\t<div class=\"elementor-element elementor-element-603bbc7 elementor-widget elementor-widget-image\" data-id=\"603bbc7\" data-element_type=\"widget\" data-widget_type=\"image.default\">\n\t\t\t\t<div class=\"elementor-widget-container\">\n\t\t\t\t\t\t\t\t\t\t\t\t\t\t\t<img decoding=\"async\" width=\"150\" height=\"80\" src=\"http:\/\/bogazkoysigorta.com\/wp-content\/uploads\/2023\/02\/dogasigorta.png\" class=\"attachment-full size-full wp-image-222\" alt=\"\" loading=\"lazy\" \/>\t\t\t\t\t\t\t\t\t\t\t\t\t\t\t<\/div>\n\t\t\t\t<\/div>\n\t\t\t\t\t<\/div>\n\t\t<\/div>\n\t\t\t\t<div class=\"elementor-column elementor-col-20 elementor-top-column elementor-element elementor-element-7ed1239\" data-id=\"7ed1239\" data-element_type=\"column\">\n\t\t\t<div class=\"elementor-widget-wrap elementor-element-populated\">\n\t\t\t\t\t\t\t\t<div class=\"elementor-element elementor-element-a185360 elementor-widget elementor-widget-image\" data-id=\"a185360\" data-element_type=\"widget\" data-widget_type=\"image.default\">\n\t\t\t\t<div class=\"elementor-widget-container\">\n\t\t\t\t\t\t\t\t\t\t\t\t\t\t\t<img decoding=\"async\" width=\"184\" height=\"101\" src=\"http:\/\/bogazkoysigorta.com\/wp-content\/uploads\/2023\/02\/hdi.png\" class=\"attachment-full size-full wp-image-223\" alt=\"\" loading=\"lazy\" \/>\t\t\t\t\t\t\t\t\t\t\t\t\t\t\t<\/div>\n\t\t\t\t<\/div>\n\t\t\t\t\t<\/div>\n\t\t<\/div>\n\t\t\t\t\t\t\t<\/div>\n\t\t<\/section>\n\t\t\t\t<section class=\"elementor-section elementor-top-section elementor-element elementor-element-9f5217a elementor-section-boxed elementor-section-height-default elementor-section-height-default\" data-id=\"9f5217a\" data-element_type=\"section\">\n\t\t\t\t\t\t<div class=\"elementor-container elementor-column-gap-default\">\n\t\t\t\t\t<div class=\"elementor-column elementor-col-20 elementor-top-column elementor-element elementor-element-bf02955\" data-id=\"bf02955\" data-element_type=\"column\">\n\t\t\t<div class=\"elementor-widget-wrap elementor-element-populated\">\n\t\t\t\t\t\t\t\t<div class=\"elementor-element elementor-element-ab2e1bf elementor-widget elementor-widget-image\" data-id=\"ab2e1bf\" data-element_type=\"widget\" data-widget_type=\"image.default\">\n\t\t\t\t<div class=\"elementor-widget-container\">\n\t\t\t\t\t\t\t\t\t\t\t\t\t\t\t<img decoding=\"async\" width=\"150\" height=\"80\" src=\"http:\/\/bogazkoysigorta.com\/wp-content\/uploads\/2023\/02\/unico.png\" class=\"attachment-full size-full wp-image-229\" alt=\"\" loading=\"lazy\" \/>\t\t\t\t\t\t\t\t\t\t\t\t\t\t\t<\/div>\n\t\t\t\t<\/div>\n\t\t\t\t\t<\/div>\n\t\t<\/div>\n\t\t\t\t<div class=\"elementor-column elementor-col-20 elementor-top-column elementor-element elementor-element-1d9c60e\" data-id=\"1d9c60e\" data-element_type=\"column\">\n\t\t\t<div class=\"elementor-widget-wrap elementor-element-populated\">\n\t\t\t\t\t\t\t\t<div class=\"elementor-element elementor-element-5fe2b5d elementor-widget elementor-widget-image\" data-id=\"5fe2b5d\" data-element_type=\"widget\" data-widget_type=\"image.default\">\n\t\t\t\t<div class=\"elementor-widget-container\">\n\t\t\t\t\t\t\t\t\t\t\t\t\t\t\t<img decoding=\"async\" width=\"150\" height=\"80\" src=\"http:\/\/bogazkoysigorta.com\/wp-content\/uploads\/2023\/02\/seker.png\" class=\"attachment-full size-full wp-image-228\" alt=\"\" loading=\"lazy\" \/>\t\t\t\t\t\t\t\t\t\t\t\t\t\t\t<\/div>\n\t\t\t\t<\/div>\n\t\t\t\t\t<\/div>\n\t\t<\/div>\n\t\t\t\t<div class=\"elementor-column elementor-col-20 elementor-top-column elementor-element elementor-element-2641ab2\" data-id=\"2641ab2\" data-element_type=\"column\">\n\t\t\t<div class=\"elementor-widget-wrap elementor-element-populated\">\n\t\t\t\t\t\t\t\t<div class=\"elementor-element elementor-element-b2f4b44 elementor-widget elementor-widget-image\" data-id=\"b2f4b44\" data-element_type=\"widget\" data-widget_type=\"image.default\">\n\t\t\t\t<div class=\"elementor-widget-container\">\n\t\t\t\t\t\t\t\t\t\t\t\t\t\t\t<img decoding=\"async\" width=\"150\" height=\"80\" src=\"http:\/\/bogazkoysigorta.com\/wp-content\/uploads\/2023\/02\/neova.png\" class=\"attachment-full size-full wp-image-225\" alt=\"\" loading=\"lazy\" \/>\t\t\t\t\t\t\t\t\t\t\t\t\t\t\t<\/div>\n\t\t\t\t<\/div>\n\t\t\t\t\t<\/div>\n\t\t<\/div>\n\t\t\t\t<div class=\"elementor-column elementor-col-20 elementor-top-column elementor-element elementor-element-70ec0a8\" data-id=\"70ec0a8\" data-element_type=\"column\">\n\t\t\t<div class=\"elementor-widget-wrap elementor-element-populated\">\n\t\t\t\t\t\t\t\t<div class=\"elementor-element elementor-element-a81498e elementor-widget elementor-widget-image\" data-id=\"a81498e\" data-element_type=\"widget\" data-widget_type=\"image.default\">\n\t\t\t\t<div class=\"elementor-widget-container\">\n\t\t\t\t\t\t\t\t\t\t\t\t\t\t\t<img decoding=\"async\" width=\"150\" height=\"80\" src=\"http:\/\/bogazkoysigorta.com\/wp-content\/uploads\/2023\/02\/hepiyi.png\" class=\"attachment-full size-full wp-image-224\" alt=\"\" loading=\"lazy\" \/>\t\t\t\t\t\t\t\t\t\t\t\t\t\t\t<\/div>\n\t\t\t\t<\/div>\n\t\t\t\t\t<\/div>\n\t\t<\/div>\n\t\t\t\t<div class=\"elementor-column elementor-col-20 elementor-top-column elementor-element elementor-element-3f6f54d\" data-id=\"3f6f54d\" data-element_type=\"column\">\n\t\t\t<div class=\"elementor-widget-wrap elementor-element-populated\">\n\t\t\t\t\t\t\t\t<div class=\"elementor-element elementor-element-312b943 elementor-widget elementor-widget-image\" data-id=\"312b943\" data-element_type=\"widget\" data-widget_type=\"image.default\">\n\t\t\t\t<div class=\"elementor-widget-container\">\n\t\t\t\t\t\t\t\t\t\t\t\t\t\t\t<img decoding=\"async\" width=\"150\" height=\"80\" src=\"http:\/\/bogazkoysigorta.com\/wp-content\/uploads\/2023\/02\/ankara-logo.png\" class=\"attachment-full size-full wp-image-267\" alt=\"\" loading=\"lazy\" \/>\t\t\t\t\t\t\t\t\t\t\t\t\t\t\t<\/div>\n\t\t\t\t<\/div>\n\t\t\t\t\t<\/div>\n\t\t<\/div>\n\t\t\t\t\t\t\t<\/div>\n\t\t<\/section>\n\t\t\t\t\t\t\t<\/div>\n\t\t","protected":false},"excerpt":{"rendered":"<p>Bo\u011fazk\u00f6y Sigorta Arac\u0131l\u0131k Hizmetleri Ltd.\u015eti. De\u011ferleriniz bizimle g\u00fcvende&#8230; \u015eirketimiz 2009 y\u0131l\u0131nda Serpil Yeti\u015fkol Taraf\u0131ndan Limited \u015eirket firmas\u0131 olarak kurulmu\u015f olup, Allianz Sigorta ile Sigorta Sekt\u00f6r\u00fcne ilk giri\u015fini yapm\u0131\u015ft\u0131r. Sekt\u00f6r\u00fcn yo\u011fun rekabet ortam\u0131, b\u00fcy\u00fcme \u00e7abas\u0131, hayata dair g\u00fczel beklentiler ve bir \u00e7ok nedenin birle\u015fmesi ile sekt\u00f6r lideri sigorta \u015firketlerini b\u00fcnyemize dahil etmeyi gerekli k\u0131lm\u0131\u015ft\u0131r. Lider \u015eirketlerin [&hellip;]<\/p>\n","protected":false},"author":1,"featured_media":0,"parent":0,"menu_order":0,"comment_status":"closed","ping_status":"closed","template":"elementor_header_footer","meta":[],"_links":{"self":[{"href":"http:\/\/bogazkoysigorta.com\/index.php\/wp-json\/wp\/v2\/pages\/55"}],"collection":[{"href":"http:\/\/bogazkoysigorta.com\/index.php\/wp-json\/wp\/v2\/pages"}],"about":[{"href":"http:\/\/bogazkoysigorta.com\/index.php\/wp-json\/wp\/v2\/types\/page"}],"author":[{"embeddable":true,"href":"http:\/\/bogazkoysigorta.com\/index.php\/wp-json\/wp\/v2\/users\/1"}],"replies":[{"embeddable":true,"href":"http:\/\/bogazkoysigorta.com\/index.php\/wp-json\/wp\/v2\/comments?post=55"}],"version-history":[{"count":64,"href":"http:\/\/bogazkoysigorta.com\/index.php\/wp-json\/wp\/v2\/pages\/55\/revisions"}],"predecessor-version":[{"id":301,"href":"http:\/\/bogazkoysigorta.com\/index.php\/wp-json\/wp\/v2\/pages\/55\/revisions\/301"}],"wp:attachment":[{"href":"http:\/\/bogazkoysigorta.com\/index.php\/wp-json\/wp\/v2\/media?parent=55"}],"curies":[{"name":"wp","href":"https:\/\/api.w.org\/{rel}","templated":true}]}}